{"id":83,"date":"2026-01-10T23:12:02","date_gmt":"2026-01-10T23:12:02","guid":{"rendered":"https:\/\/elsalto.gob.mx\/?page_id=83"},"modified":"2026-01-10T23:14:38","modified_gmt":"2026-01-10T23:14:38","slug":"83-2","status":"publish","type":"page","link":"https:\/\/elsalto.gob.mx\/index.php\/83-2\/","title":{"rendered":"AvisoLegal"},"content":{"rendered":"\n<div class=\"wp-block-cover alignfull is-light\"><img loading=\"lazy\" decoding=\"async\" width=\"1024\" height=\"231\" class=\"wp-block-cover__image-background wp-image-65 size-large\" alt=\"\" src=\"http:\/\/elsalto.gob.mx\/wp-content\/uploads\/2026\/01\/privacidad-1024x231.jpg\" data-object-fit=\"cover\" srcset=\"https:\/\/elsalto.gob.mx\/wp-content\/uploads\/2026\/01\/privacidad-1024x231.jpg 1024w, https:\/\/elsalto.gob.mx\/wp-content\/uploads\/2026\/01\/privacidad-300x68.jpg 300w, https:\/\/elsalto.gob.mx\/wp-content\/uploads\/2026\/01\/privacidad-768x173.jpg 768w, https:\/\/elsalto.gob.mx\/wp-content\/uploads\/2026\/01\/privacidad-1536x347.jpg 1536w, https:\/\/elsalto.gob.mx\/wp-content\/uploads\/2026\/01\/privacidad.jpg 1550w\" sizes=\"auto, (max-width: 1024px) 100vw, 1024px\" \/><span aria-hidden=\"true\" class=\"wp-block-cover__background has-background-dim\" style=\"background-color:#acacac\"><\/span><div class=\"wp-block-cover__inner-container is-layout-constrained wp-block-cover-is-layout-constrained\">\n<p class=\"has-text-align-center has-large-font-size\">Aviso legal<\/p>\n<\/div><\/div>\n\n\n\n<div class=\"wp-block-group is-layout-constrained wp-block-group-is-layout-constrained\">\n<p>La Direcci\u00f3n de Comunicaci\u00f3n Social utiliza el sitio web FreePik como un sustento de recursos para la complementaci\u00f3n de dise\u00f1os y la creaci\u00f3n de contenido digital e imagen institucional. Cabe se\u00f1alar que la Direcci\u00f3n de Comunicaci\u00f3n Social cuenta con una licencia gratuita y reconoce los derechos de autor de los recursos.<\/p>\n<\/div>\n","protected":false},"excerpt":{"rendered":"<p>La Direcci\u00f3n de Comunicaci\u00f3n Social utiliza el sitio web FreePik como un sustento de recursos para la complementaci\u00f3n de dise\u00f1os y la creaci\u00f3n de contenido digital e imagen institucional. Cabe se\u00f1alar que la Direcci\u00f3n de Comunicaci\u00f3n Social cuenta con una licencia gratuita y reconoce los derechos de autor de los recursos.<\/p>\n","protected":false},"author":1,"featured_media":0,"parent":0,"menu_order":0,"comment_status":"closed","ping_status":"closed","template":"","meta":{"footnotes":""},"class_list":["post-83","page","type-page","status-publish","hentry"],"_links":{"self":[{"href":"https:\/\/elsalto.gob.mx\/index.php\/wp-json\/wp\/v2\/pages\/83","targetHints":{"allow":["GET"]}}],"collection":[{"href":"https:\/\/elsalto.gob.mx\/index.php\/wp-json\/wp\/v2\/pages"}],"about":[{"href":"https:\/\/elsalto.gob.mx\/index.php\/wp-json\/wp\/v2\/types\/page"}],"author":[{"embeddable":true,"href":"https:\/\/elsalto.gob.mx\/index.php\/wp-json\/wp\/v2\/users\/1"}],"replies":[{"embeddable":true,"href":"https:\/\/elsalto.gob.mx\/index.php\/wp-json\/wp\/v2\/comments?post=83"}],"version-history":[{"count":2,"href":"https:\/\/elsalto.gob.mx\/index.php\/wp-json\/wp\/v2\/pages\/83\/revisions"}],"predecessor-version":[{"id":87,"href":"https:\/\/elsalto.gob.mx\/index.php\/wp-json\/wp\/v2\/pages\/83\/revisions\/87"}],"wp:attachment":[{"href":"https:\/\/elsalto.gob.mx\/index.php\/wp-json\/wp\/v2\/media?parent=83"}],"curies":[{"name":"wp","href":"https:\/\/api.w.org\/{rel}","templated":true}]}}