{"id":64,"date":"2026-01-10T21:20:14","date_gmt":"2026-01-10T21:20:14","guid":{"rendered":"https:\/\/elsalto.gob.mx\/?page_id=64"},"modified":"2026-01-10T23:14:09","modified_gmt":"2026-01-10T23:14:09","slug":"avisoprivacidad","status":"publish","type":"page","link":"https:\/\/elsalto.gob.mx\/index.php\/avisoprivacidad\/","title":{"rendered":"AvisoPrivacidad"},"content":{"rendered":"\n<div class=\"wp-block-cover alignfull is-light\"><img loading=\"lazy\" decoding=\"async\" width=\"1024\" height=\"231\" class=\"wp-block-cover__image-background wp-image-65 size-large\" alt=\"\" src=\"http:\/\/elsalto.gob.mx\/wp-content\/uploads\/2026\/01\/privacidad-1024x231.jpg\" data-object-fit=\"cover\" srcset=\"https:\/\/elsalto.gob.mx\/wp-content\/uploads\/2026\/01\/privacidad-1024x231.jpg 1024w, https:\/\/elsalto.gob.mx\/wp-content\/uploads\/2026\/01\/privacidad-300x68.jpg 300w, https:\/\/elsalto.gob.mx\/wp-content\/uploads\/2026\/01\/privacidad-768x173.jpg 768w, https:\/\/elsalto.gob.mx\/wp-content\/uploads\/2026\/01\/privacidad-1536x347.jpg 1536w, https:\/\/elsalto.gob.mx\/wp-content\/uploads\/2026\/01\/privacidad.jpg 1550w\" sizes=\"auto, (max-width: 1024px) 100vw, 1024px\" \/><span aria-hidden=\"true\" class=\"wp-block-cover__background has-background-dim\" style=\"background-color:#acacac\"><\/span><div class=\"wp-block-cover__inner-container is-layout-constrained wp-block-cover-is-layout-constrained\">\n<p class=\"has-text-align-center has-large-font-size\">Aviso de Privacidad<\/p>\n<\/div><\/div>\n\n\n\n<div class=\"wp-block-group is-layout-constrained wp-block-group-is-layout-constrained\">\n<p>La Direcci\u00f3n de Transparencia y Buenas Pr\u00e1cticas del Gobierno Municipal de el Salto, Jalisco, ubicado en la calle Ram\u00f3n Corona n\u00famero 1, 2do piso, Colonia Centro de esta Municipalidad, es la responsable del uso y protecci\u00f3n de sus datos personales, y al respecto le informa lo siguiente: Los datos personales, se refieren a la informaci\u00f3n concerniente a una persona f\u00edsica identificada o identificable, y por datos personales sensibles, aquellos que afecten a la esfera m\u00e1s \u00edntima de su titular, o cuya utilizaci\u00f3n indebida puedan dar origen a discriminaci\u00f3n o conlleve un riesgo grave para \u00e9ste. El tratamiento de sus datos personales se realiza con fundamento en lo establecido en el art\u00edculo 3. 1. Fracciones III, XXXII y 87. 1. Fracciones I y X de la LEY DE PROTECCI\u00d3N DE DATOS PERSONALES EN POSESI\u00d3N DE SUJETOS OBLIGADOS DEL ESTADO DE JALISCO Y SUS MUNICIPIOS Los datos personales que ser\u00e1n sometidos a tratamiento son; nombre, edad, sexo, fotograf\u00eda, estado civil, nacionalidad, domicilio, tel\u00e9fono, correo electr\u00f3nico, firma, Registro Federal de Contribuyentes (RFC), CURP, grado de estudios, as\u00ed como los datos patrimoniales como n\u00famero de cuenta bancaria, ingresos o percepciones. Adem\u00e1s de los datos personales mencionados anteriormente, utilizaremos los siguientes datos personales considerados como sensibles, que requieren de especial protecci\u00f3n como son datos relacionados a la salud, ideol\u00f3gicos, de origen \u00e9tnico, y huella digital.<\/p>\n<\/div>\n\n\n\n<div class=\"wp-block-group is-layout-constrained wp-block-group-is-layout-constrained\">\n<p>Dichos datos podr\u00e1n ser recabados, directa o indirectamente, por medios electr\u00f3nicos, por escrito y por tel\u00e9fono, los datos personales que usted proporcione al Gobierno Municipal de el Salto, Jalisco ser\u00e1n \u00fanica y exclusivamente utilizados para llevar a cabo los objetivos y atribuciones de este Municipio y los utilizaremos para las siguientes finalidades: la tramitaci\u00f3n de solicitudes de informaci\u00f3n y ejercicio de derechos ARCO, recursos de revisi\u00f3n, recursos de transparencia, la identificaci\u00f3n de las partes en los tr\u00e1mites y procesos que se realicen o convoquen por parte de este Municipio, la realizaci\u00f3n de capacitaciones, tr\u00e1mites y asuntos administrativos, el registro de los participantes, ponentes e invitados a los eventos y concursos que promueve el Gobierno Municipal de el Salto, dar tr\u00e1mite a denuncias y\/o quejas interpuestas en contra de los servidores p\u00fablicos del Gobierno Municipal de el Salto, garantizar la validez de los procedimientos que realiza el Comit\u00e9 de Transparencia de los sujetos obligados, contar con los datos identificativos y documentaci\u00f3n legal de las personas f\u00edsicas que fungen como proveedores de bienes y servicios y La celebraci\u00f3n de convenios con personas f\u00edsicas y\/o morales.<\/p>\n<\/div>\n\n\n\n<div class=\"wp-block-group is-layout-constrained wp-block-group-is-layout-constrained\">\n<p>Con relaci\u00f3n a la transferencia de informaci\u00f3n confidencial, los terceros receptores de los datos personales pueden ser; las autoridades jurisdiccionales con la finalidad de dar atenci\u00f3n a los requerimientos judiciales, los sujetos obligados a los que se dirijan las solicitudes de informaci\u00f3n p\u00fablica que sean de su competencia, con la finalidad de darle seguimiento, las diferentes \u00e1reas de este sujeto obligado, en caso de que se d\u00e9 vista por el posible incumplimiento a la Ley que rige la materia. Usted puede solicitar ante el Gobierno Municipal de el Salto, en cualquier tiempo, su Acceso, Rectificaci\u00f3n, Cancelaci\u00f3n, Oposici\u00f3n o Revocaci\u00f3n del consentimiento, mediante la presentaci\u00f3n de solicitud de ejercicio de derechos ARCO ante la Direcci\u00f3n de Transparencia y Buenas Pr\u00e1cticas, ubicada en la calle Ram\u00f3n Corona n\u00famero1, 2do piso, colonia Centro de esta Municipalidad. Cualquier cambio al presente aviso de privacidad se har\u00e1 del conocimiento de los titulares de la informaci\u00f3n confidencial, a trav\u00e9s de la p\u00e1gina de internet de este sujeto obligado, la cual es:\u00a0<a href=\"https:\/\/elsalto.gob.mx\/\"><mark style=\"background-color:rgba(0, 0, 0, 0)\" class=\"has-inline-color has-primary-color\">elsalto.gob.mx<\/mark><\/a><\/p>\n<\/div>\n","protected":false},"excerpt":{"rendered":"<p>La Direcci\u00f3n de Transparencia y Buenas Pr\u00e1cticas del Gobierno Municipal de el Salto, Jalisco, ubicado en la calle Ram\u00f3n Corona n\u00famero 1, 2do piso, Colonia Centro de esta Municipalidad, es la responsable del uso y protecci\u00f3n de sus datos personales, y al respecto le informa lo siguiente: Los datos personales, se refieren a la informaci\u00f3n [&hellip;]<\/p>\n","protected":false},"author":1,"featured_media":65,"parent":0,"menu_order":0,"comment_status":"closed","ping_status":"closed","template":"","meta":{"footnotes":""},"class_list":["post-64","page","type-page","status-publish","has-post-thumbnail","hentry"],"_links":{"self":[{"href":"https:\/\/elsalto.gob.mx\/index.php\/wp-json\/wp\/v2\/pages\/64","targetHints":{"allow":["GET"]}}],"collection":[{"href":"https:\/\/elsalto.gob.mx\/index.php\/wp-json\/wp\/v2\/pages"}],"about":[{"href":"https:\/\/elsalto.gob.mx\/index.php\/wp-json\/wp\/v2\/types\/page"}],"author":[{"embeddable":true,"href":"https:\/\/elsalto.gob.mx\/index.php\/wp-json\/wp\/v2\/users\/1"}],"replies":[{"embeddable":true,"href":"https:\/\/elsalto.gob.mx\/index.php\/wp-json\/wp\/v2\/comments?post=64"}],"version-history":[{"count":7,"href":"https:\/\/elsalto.gob.mx\/index.php\/wp-json\/wp\/v2\/pages\/64\/revisions"}],"predecessor-version":[{"id":86,"href":"https:\/\/elsalto.gob.mx\/index.php\/wp-json\/wp\/v2\/pages\/64\/revisions\/86"}],"wp:featuredmedia":[{"embeddable":true,"href":"https:\/\/elsalto.gob.mx\/index.php\/wp-json\/wp\/v2\/media\/65"}],"wp:attachment":[{"href":"https:\/\/elsalto.gob.mx\/index.php\/wp-json\/wp\/v2\/media?parent=64"}],"curies":[{"name":"wp","href":"https:\/\/api.w.org\/{rel}","templated":true}]}}