{"id":176,"date":"2026-01-17T20:17:09","date_gmt":"2026-01-17T20:17:09","guid":{"rendered":"https:\/\/elsalto.gob.mx\/?page_id=176"},"modified":"2026-01-23T04:00:13","modified_gmt":"2026-01-23T04:00:13","slug":"noticias","status":"publish","type":"page","link":"https:\/\/elsalto.gob.mx\/index.php\/noticias\/","title":{"rendered":"Noticias"},"content":{"rendered":"\n<p class=\"has-text-align-center\"><strong>Noticias<\/strong><\/p>\n\n\n\n<div class=\"wp-block-columns is-layout-flex wp-container-core-columns-is-layout-28f84493 wp-block-columns-is-layout-flex\">\n<div class=\"wp-block-column is-layout-flow wp-block-column-is-layout-flow\" style=\"flex-basis:33.33%\">\n<p>M\u00e1s recientes<\/p>\n\n\n<ul class=\"wp-block-latest-posts__list wp-block-latest-posts\"><li><a class=\"wp-block-latest-posts__post-title\" href=\"https:\/\/elsalto.gob.mx\/index.php\/2026\/01\/17\/bienvenido-a-el-salto\/\">Bienvenido a El salto<\/a><\/li>\n<li><a class=\"wp-block-latest-posts__post-title\" href=\"https:\/\/elsalto.gob.mx\/index.php\/2025\/03\/28\/nuevo-centro-logistico-para-el-salto\/\">Nuevo Centro Log\u00edstico para El Salto<\/a><\/li>\n<li><a class=\"wp-block-latest-posts__post-title\" href=\"https:\/\/elsalto.gob.mx\/index.php\/2023\/01\/31\/inauguracion-de-la-unidad-medica-de-las-pintas-porfirio-cortes-silva\/\">INAUGURACI\u00d3N DE LA UNIDAD M\u00c9DICA DE LAS PINTAS \u201cPORFIRIO CORT\u00c9S SILVA\u201d<\/a><\/li>\n<\/ul><\/div>\n\n\n\n<div class=\"wp-block-column is-layout-flow wp-block-column-is-layout-flow\" style=\"flex-basis:66.66%\">\n<div class=\"wp-block-query is-layout-flow wp-block-query-is-layout-flow\"><ul class=\"wp-block-post-template is-layout-flow wp-block-post-template-is-layout-flow\"><li class=\"wp-block-post post-179 post type-post status-publish format-standard has-post-thumbnail hentry category-uncategorized\">\n<h2 class=\"wp-block-post-title\"><a href=\"https:\/\/elsalto.gob.mx\/index.php\/2026\/01\/17\/bienvenido-a-el-salto\/\" target=\"_self\" >Bienvenido a El salto<\/a><\/h2>\n\n<figure class=\"alignwide wp-block-post-featured-image\"><a href=\"https:\/\/elsalto.gob.mx\/index.php\/2026\/01\/17\/bienvenido-a-el-salto\/\" target=\"_self\"  ><img loading=\"lazy\" decoding=\"async\" width=\"1280\" height=\"960\" src=\"https:\/\/elsalto.gob.mx\/wp-content\/uploads\/2026\/01\/fondoSalto.jpg\" class=\"attachment-post-thumbnail size-post-thumbnail wp-post-image\" alt=\"Bienvenido a El salto\" style=\"object-fit:cover;\" srcset=\"https:\/\/elsalto.gob.mx\/wp-content\/uploads\/2026\/01\/fondoSalto.jpg 1280w, https:\/\/elsalto.gob.mx\/wp-content\/uploads\/2026\/01\/fondoSalto-300x225.jpg 300w, https:\/\/elsalto.gob.mx\/wp-content\/uploads\/2026\/01\/fondoSalto-1024x768.jpg 1024w, https:\/\/elsalto.gob.mx\/wp-content\/uploads\/2026\/01\/fondoSalto-768x576.jpg 768w\" sizes=\"auto, (max-width: 1280px) 100vw, 1280px\" \/><\/a><\/figure>\n\n<div class=\"wp-block-post-excerpt\"><p class=\"wp-block-post-excerpt__excerpt\">El Salto es un municipio con una historia profundamente ligada al desarrollo industrial y social del \u00c1rea Metropolitana de Guadalajara. Su crecimiento ha sido resultado del trabajo de su gente, la inversi\u00f3n productiva y el compromiso constante con el bienestar de las familias. Desde sus or\u00edgenes, El Salto ha sido un punto estrat\u00e9gico para la&hellip; <\/p><\/div>\n\n\n<hr class=\"wp-block-separator has-css-opacity\"\/>\n\n\n<div class=\"wp-block-post-date flex\"><svg class=\"icon icon-calendar\" aria-hidden=\"true\" role=\"img\"> <use href=\"#icon-calendar\" xlink:href=\"#icon-calendar\"><\/use> <\/svg><time datetime=\"2026-01-17T20:22:46+00:00\">enero 17, 2026<\/time><\/div>\n<\/li><li class=\"wp-block-post post-249 post type-post status-publish format-standard has-post-thumbnail hentry category-uncategorized\">\n<h2 class=\"wp-block-post-title\"><a href=\"https:\/\/elsalto.gob.mx\/index.php\/2025\/03\/28\/nuevo-centro-logistico-para-el-salto\/\" target=\"_self\" >Nuevo Centro Log\u00edstico para El Salto<\/a><\/h2>\n\n<figure class=\"alignwide wp-block-post-featured-image\"><a href=\"https:\/\/elsalto.gob.mx\/index.php\/2025\/03\/28\/nuevo-centro-logistico-para-el-salto\/\" target=\"_self\"  ><img loading=\"lazy\" decoding=\"async\" width=\"1280\" height=\"960\" src=\"https:\/\/elsalto.gob.mx\/wp-content\/uploads\/2026\/02\/image.jpeg\" class=\"attachment-post-thumbnail size-post-thumbnail wp-post-image\" alt=\"Nuevo Centro Log\u00edstico para El Salto\" style=\"object-fit:cover;\" srcset=\"https:\/\/elsalto.gob.mx\/wp-content\/uploads\/2026\/02\/image.jpeg 1280w, https:\/\/elsalto.gob.mx\/wp-content\/uploads\/2026\/02\/image-300x225.jpeg 300w, https:\/\/elsalto.gob.mx\/wp-content\/uploads\/2026\/02\/image-1024x768.jpeg 1024w, https:\/\/elsalto.gob.mx\/wp-content\/uploads\/2026\/02\/image-768x576.jpeg 768w\" sizes=\"auto, (max-width: 1280px) 100vw, 1280px\" \/><\/a><\/figure>\n\n<div class=\"wp-block-post-excerpt\"><p class=\"wp-block-post-excerpt__excerpt\">Con una inversi\u00f3n superior a los 191 millones de pesos, la empresa alemana DHL dio a conocer que el municipio es clave para sus operaciones en M\u00e9xico, pues su ubicaci\u00f3n estrat\u00e9gica hace que se impulse la competitividad y eficiencia en la regi\u00f3n.&nbsp; El evento encabezado por el presidente de la empresa en este pa\u00eds, Mario&hellip; <\/p><\/div>\n\n\n<hr class=\"wp-block-separator has-css-opacity\"\/>\n\n\n<div class=\"wp-block-post-date flex\"><svg class=\"icon icon-calendar\" aria-hidden=\"true\" role=\"img\"> <use href=\"#icon-calendar\" xlink:href=\"#icon-calendar\"><\/use> <\/svg><time datetime=\"2025-03-28T02:29:00+00:00\">marzo 28, 2025<\/time><\/div>\n<\/li><li class=\"wp-block-post post-247 post type-post status-publish format-standard has-post-thumbnail hentry category-uncategorized\">\n<h2 class=\"wp-block-post-title\"><a href=\"https:\/\/elsalto.gob.mx\/index.php\/2023\/01\/31\/inauguracion-de-la-unidad-medica-de-las-pintas-porfirio-cortes-silva\/\" target=\"_self\" >INAUGURACI\u00d3N DE LA UNIDAD M\u00c9DICA DE LAS PINTAS \u201cPORFIRIO CORT\u00c9S SILVA\u201d<\/a><\/h2>\n\n<figure class=\"alignwide wp-block-post-featured-image\"><a href=\"https:\/\/elsalto.gob.mx\/index.php\/2023\/01\/31\/inauguracion-de-la-unidad-medica-de-las-pintas-porfirio-cortes-silva\/\" target=\"_self\"  ><img loading=\"lazy\" decoding=\"async\" width=\"938\" height=\"938\" src=\"https:\/\/elsalto.gob.mx\/wp-content\/uploads\/2026\/01\/image-2.png\" class=\"attachment-post-thumbnail size-post-thumbnail wp-post-image\" alt=\"INAUGURACI\u00d3N DE LA UNIDAD M\u00c9DICA DE LAS PINTAS \u201cPORFIRIO CORT\u00c9S SILVA\u201d\" style=\"object-fit:cover;\" srcset=\"https:\/\/elsalto.gob.mx\/wp-content\/uploads\/2026\/01\/image-2.png 938w, https:\/\/elsalto.gob.mx\/wp-content\/uploads\/2026\/01\/image-2-300x300.png 300w, https:\/\/elsalto.gob.mx\/wp-content\/uploads\/2026\/01\/image-2-150x150.png 150w, https:\/\/elsalto.gob.mx\/wp-content\/uploads\/2026\/01\/image-2-768x768.png 768w\" sizes=\"auto, (max-width: 938px) 100vw, 938px\" \/><\/a><\/figure>\n\n<div class=\"wp-block-post-excerpt\"><p class=\"wp-block-post-excerpt__excerpt\">INAUGURA EL PRESIDENTE RICARDO SANTILL\u00c1N LA NUEVA UNIDAD M\u00c9DICA DE LAS PINTAS \u201cPORFIRIO CORT\u00c9S SILVA\u201d.\u00a0 Martes, 01\/31\/2023&nbsp; El presidente municipal, Ricardo Santill\u00e1n, en compa\u00f1\u00eda del Secretario de Salud Jalisco, Dr. Fernando Petersen Aranguren inauguraron la Unidad M\u00e9dica de las Pintas en la delegaci\u00f3n del mismo nombre que suple la Unidad M\u00e9dica Majadas.&nbsp; El alcalde hizo&hellip; <\/p><\/div>\n\n\n<hr class=\"wp-block-separator has-css-opacity\"\/>\n\n\n<div class=\"wp-block-post-date flex\"><svg class=\"icon icon-calendar\" aria-hidden=\"true\" role=\"img\"> <use href=\"#icon-calendar\" xlink:href=\"#icon-calendar\"><\/use> <\/svg><time datetime=\"2023-01-31T10:27:00+00:00\">enero 31, 2023<\/time><\/div>\n<\/li><\/ul><\/div>\n<\/div>\n<\/div>\n\n\n\n<p><\/p>\n","protected":false},"excerpt":{"rendered":"<p>Noticias M\u00e1s recientes<\/p>\n","protected":false},"author":1,"featured_media":0,"parent":0,"menu_order":0,"comment_status":"closed","ping_status":"closed","template":"","meta":{"footnotes":""},"class_list":["post-176","page","type-page","status-publish","hentry"],"_links":{"self":[{"href":"https:\/\/elsalto.gob.mx\/index.php\/wp-json\/wp\/v2\/pages\/176","targetHints":{"allow":["GET"]}}],"collection":[{"href":"https:\/\/elsalto.gob.mx\/index.php\/wp-json\/wp\/v2\/pages"}],"about":[{"href":"https:\/\/elsalto.gob.mx\/index.php\/wp-json\/wp\/v2\/types\/page"}],"author":[{"embeddable":true,"href":"https:\/\/elsalto.gob.mx\/index.php\/wp-json\/wp\/v2\/users\/1"}],"replies":[{"embeddable":true,"href":"https:\/\/elsalto.gob.mx\/index.php\/wp-json\/wp\/v2\/comments?post=176"}],"version-history":[{"count":4,"href":"https:\/\/elsalto.gob.mx\/index.php\/wp-json\/wp\/v2\/pages\/176\/revisions"}],"predecessor-version":[{"id":197,"href":"https:\/\/elsalto.gob.mx\/index.php\/wp-json\/wp\/v2\/pages\/176\/revisions\/197"}],"wp:attachment":[{"href":"https:\/\/elsalto.gob.mx\/index.php\/wp-json\/wp\/v2\/media?parent=176"}],"curies":[{"name":"wp","href":"https:\/\/api.w.org\/{rel}","templated":true}]}}