{"id":121,"date":"2026-01-12T22:13:57","date_gmt":"2026-01-12T22:13:57","guid":{"rendered":"https:\/\/elsalto.gob.mx\/?page_id=121"},"modified":"2026-03-05T21:57:27","modified_gmt":"2026-03-05T21:57:27","slug":"promocioneconomica","status":"publish","type":"page","link":"https:\/\/elsalto.gob.mx\/index.php\/promocioneconomica\/","title":{"rendered":"promocionEconomica"},"content":{"rendered":"\n<figure class=\"wp-block-image alignfull size-large\"><img loading=\"lazy\" decoding=\"async\" width=\"1024\" height=\"231\" src=\"https:\/\/elsalto.gob.mx\/wp-content\/uploads\/2026\/01\/promocionEconomica-1024x231.jpg\" alt=\"\" class=\"wp-image-122\" srcset=\"https:\/\/elsalto.gob.mx\/wp-content\/uploads\/2026\/01\/promocionEconomica-1024x231.jpg 1024w, https:\/\/elsalto.gob.mx\/wp-content\/uploads\/2026\/01\/promocionEconomica-300x68.jpg 300w, https:\/\/elsalto.gob.mx\/wp-content\/uploads\/2026\/01\/promocionEconomica-768x173.jpg 768w, https:\/\/elsalto.gob.mx\/wp-content\/uploads\/2026\/01\/promocionEconomica-1536x347.jpg 1536w, https:\/\/elsalto.gob.mx\/wp-content\/uploads\/2026\/01\/promocionEconomica.jpg 1551w\" sizes=\"auto, (max-width: 1024px) 100vw, 1024px\" \/><\/figure>\n\n\n\n<div style=\"height:100px\" aria-hidden=\"true\" class=\"wp-block-spacer\"><\/div>\n\n\n\n<h2 class=\"wp-block-heading has-text-align-center\">FOMENTO AL EMPLEO Y EMPRENDURISMO<\/h2>\n\n\n\n<p class=\"has-text-align-center has-tiny-font-size\">El portal del empleo de El Salto es un espacio donde se publican las vacantes de diferentes empresas.<br>El Ayuntamiento de El Salto es el enlace entre empresas y sociedad.<\/p>\n\n\n\n<div style=\"height:35px\" aria-hidden=\"true\" class=\"wp-block-spacer\"><\/div>\n\n\n\n<h2 class=\"wp-block-heading has-text-align-center\">Contacto<\/h2>\n\n\n\n<p class=\"has-text-align-center has-tiny-font-size\"><strong><em>JEFATURA DE FOMENTO AL EMPLEO Y EMPRENDURISMO<\/em><\/strong><br><strong>JEFA: C. Mar\u00eda Liliana Garc\u00eda Garc\u00eda<\/strong><br><strong>CORREO ELECTRONICO: promocion.economica@elsalto.gob.mx<\/strong><br><strong>DOMICILIO: NARCISO MENDOZA # 18&nbsp;<\/strong><br><strong>(CASA DE LA CULTURA) CABECERA MUNICIPAL<\/strong><\/p>\n\n\n\n<div style=\"height:100px\" aria-hidden=\"true\" class=\"wp-block-spacer\"><\/div>\n\n\n\n<hr class=\"wp-block-separator alignfull has-alpha-channel-opacity is-style-wide\"\/>\n\n\n\n<div data-wp-context=\"{ &quot;autoclose&quot;: false, &quot;accordionItems&quot;: [] }\" data-wp-interactive=\"core\/accordion\" role=\"group\" class=\"wp-block-accordion is-layout-flow wp-block-accordion-is-layout-flow\">\n<div data-wp-class--is-open=\"state.isOpen\" data-wp-context=\"{ &quot;id&quot;: &quot;accordion-item-1&quot;, &quot;openByDefault&quot;: false }\" data-wp-init=\"callbacks.initAccordionItems\" data-wp-on-window--hashchange=\"callbacks.hashChange\" class=\"wp-block-accordion-item is-layout-flow wp-block-accordion-item-is-layout-flow\">\n<h3 class=\"wp-block-accordion-heading\"><button aria-expanded=\"false\" aria-controls=\"accordion-item-1-panel\" data-wp-bind--aria-expanded=\"state.isOpen\" data-wp-on--click=\"actions.toggle\" data-wp-on--keydown=\"actions.handleKeyDown\" id=\"accordion-item-1\" type=\"button\" class=\"wp-block-accordion-heading__toggle\"><span class=\"wp-block-accordion-heading__toggle-title\"><strong>CROWN ENVASES DE MEXICO<\/strong><\/span><span class=\"wp-block-accordion-heading__toggle-icon\" aria-hidden=\"true\">+<\/span><\/button><\/h3>\n\n\n\n<div inert aria-labelledby=\"accordion-item-1\" data-wp-bind--inert=\"!state.isOpen\" id=\"accordion-item-1-panel\" role=\"region\" class=\"wp-block-accordion-panel is-layout-flow wp-block-accordion-panel-is-layout-flow\">\n<p><strong>CONTACTO.<\/strong>&nbsp;ARMANDO RENTERIA RAMOS<\/p>\n\n\n\n<p><strong>TELEFONO.<\/strong><strong>&nbsp;3334416993- 7442259240<\/strong><\/p>\n\n\n\n<p><strong>CORREO<\/strong>. 214rh@crowncork.com<\/p>\n\n\n\n<p><strong>DOMICILIO.&nbsp;<\/strong>ORQUIDEA S\/N KM 1.5 CARRETERA A SAN MARTIN&nbsp;<strong>&nbsp;<\/strong><\/p>\n\n\n\n<figure class=\"wp-block-table\"><table class=\"has-fixed-layout\"><tbody><tr><td class=\"has-text-align-center\" data-align=\"center\"><strong>PUESTO<\/strong><\/td><td class=\"has-text-align-center\" data-align=\"center\"><strong>SEXO<\/strong><\/td><td class=\"has-text-align-center\" data-align=\"center\"><strong>SUELDO<\/strong><\/td><td><strong>ESCOLARIDAD<\/strong><\/td><\/tr><tr><td>AUX, PRODUCCION<\/td><td>INDISTINTO<\/td><td>$5600<\/td><td>SECUNDARIA<\/td><\/tr><tr><td>TECNICO ELECTRICISTA<\/td><td>MASCULINO<\/td><td>$10800<\/td><td>CARRERA TECNICA<\/td><\/tr><tr><td>TEC. TRATAMIENTO DEL AGUA<\/td><td>INDISTINTO<\/td><td>$8700<\/td><td>CARRERA TECNICA<\/td><\/tr><\/tbody><\/table><\/figure>\n\n\n\n<figure class=\"wp-block-table\"><table class=\"has-fixed-layout\"><tbody><tr><td>OPERADOR TECNICO&nbsp; &nbsp; &nbsp; &nbsp; &nbsp; &nbsp; &nbsp; &nbsp; &nbsp; &nbsp; &nbsp; &nbsp; &nbsp; &nbsp; &nbsp; &nbsp; &nbsp; &nbsp; &nbsp; &nbsp; &nbsp; &nbsp; &nbsp; &nbsp; &nbsp; &nbsp; &nbsp; &nbsp; &nbsp; &nbsp; &nbsp; &nbsp; &nbsp;<\/td><td>MASCULINO&nbsp; &nbsp; &nbsp; &nbsp;&nbsp;<\/td><td>$8700&nbsp; &nbsp; &nbsp; &nbsp; &nbsp; &nbsp; &nbsp; &nbsp;<\/td><td>BACHILLERATO TECNICO&nbsp;<\/td><\/tr><\/tbody><\/table><\/figure>\n\n\n\n<p><strong>ENLACE DEL AYUNTAMIENTO<\/strong>. C. Mar\u00eda Liliana Garc\u00eda Garc\u00eda &#8211; promocion.economica@elsalto.gob.mx<\/p>\n<\/div>\n<\/div>\n\n\n\n<div data-wp-class--is-open=\"state.isOpen\" data-wp-context=\"{ &quot;id&quot;: &quot;accordion-item-2&quot;, &quot;openByDefault&quot;: false }\" data-wp-init=\"callbacks.initAccordionItems\" data-wp-on-window--hashchange=\"callbacks.hashChange\" class=\"wp-block-accordion-item is-layout-flow wp-block-accordion-item-is-layout-flow\">\n<h3 class=\"wp-block-accordion-heading\"><button aria-expanded=\"false\" aria-controls=\"accordion-item-2-panel\" data-wp-bind--aria-expanded=\"state.isOpen\" data-wp-on--click=\"actions.toggle\" data-wp-on--keydown=\"actions.handleKeyDown\" id=\"accordion-item-2\" type=\"button\" class=\"wp-block-accordion-heading__toggle\"><span class=\"wp-block-accordion-heading__toggle-title\">GLOBAL GAS<\/span><span class=\"wp-block-accordion-heading__toggle-icon\" aria-hidden=\"true\">+<\/span><\/button><\/h3>\n\n\n\n<div inert aria-labelledby=\"accordion-item-2\" data-wp-bind--inert=\"!state.isOpen\" id=\"accordion-item-2-panel\" role=\"region\" class=\"wp-block-accordion-panel is-layout-flow wp-block-accordion-panel-is-layout-flow\">\n<p><strong>CONTACTO:&nbsp;<\/strong>VANESA CORRALES DOMINGUEZ<\/p>\n\n\n\n<p><strong>TELEFONO:&nbsp;<\/strong>3331674474-3337770404 EXT 111<\/p>\n\n\n\n<p><strong>CORREO.&nbsp;<\/strong>sl.rh1@gas-milenium.com<\/p>\n\n\n\n<p><strong>DOMICILIO:<\/strong>&nbsp;CAMINO AL CONICO # 6 CARRETERA EL SALTO- LA CAPILLA&nbsp;KM 2<\/p>\n\n\n\n<p><strong>MUNICIPIO:&nbsp;<\/strong>EL SALTO&nbsp;<\/p>\n\n\n\n<figure class=\"wp-block-table\"><table class=\"has-fixed-layout\"><tbody><tr><td class=\"has-text-align-center\" data-align=\"center\"><strong>PUESTO<\/strong><\/td><td class=\"has-text-align-center\" data-align=\"center\"><strong>SEXO<\/strong><\/td><td class=\"has-text-align-center\" data-align=\"center\"><strong>SUELDO<\/strong><\/td><td class=\"has-text-align-center\" data-align=\"center\"><strong>ESCOLARIDAD<\/strong><\/td><\/tr><tr><td>LIMPIEZA<\/td><td>INDISTINTO<\/td><td>$ 6000 MEN<\/td><td>PRIMARIA<\/td><\/tr><tr><td>MECANICOS&nbsp;<\/td><td>MASCULINO<\/td><td>$ 10000 MEN<\/td><td>PREPARATORIA<\/td><\/tr><tr><td>AYUDNTE DE MECANICO<\/td><td>MASCULINO<\/td><td>$ 7500&nbsp; MEN<\/td><td>PREPARATORIA<\/td><\/tr><\/tbody><\/table><\/figure>\n\n\n\n<p><br>ENLACE DEL AYUNTAMIENTO.\u00a0C. Mar\u00eda Liliana Garc\u00eda Garc\u00eda &#8211; promocion.economica@elsalto.gob.mx<\/p>\n<\/div>\n<\/div>\n\n\n\n<div data-wp-class--is-open=\"state.isOpen\" data-wp-context=\"{ &quot;id&quot;: &quot;accordion-item-3&quot;, &quot;openByDefault&quot;: false }\" data-wp-init=\"callbacks.initAccordionItems\" data-wp-on-window--hashchange=\"callbacks.hashChange\" class=\"wp-block-accordion-item is-layout-flow wp-block-accordion-item-is-layout-flow\">\n<h3 class=\"wp-block-accordion-heading\"><button aria-expanded=\"false\" aria-controls=\"accordion-item-3-panel\" data-wp-bind--aria-expanded=\"state.isOpen\" data-wp-on--click=\"actions.toggle\" data-wp-on--keydown=\"actions.handleKeyDown\" id=\"accordion-item-3\" type=\"button\" class=\"wp-block-accordion-heading__toggle\"><span class=\"wp-block-accordion-heading__toggle-title\"><strong>BBOX SECURITY<\/strong><\/span><span class=\"wp-block-accordion-heading__toggle-icon\" aria-hidden=\"true\">+<\/span><\/button><\/h3>\n\n\n\n<div inert aria-labelledby=\"accordion-item-3\" data-wp-bind--inert=\"!state.isOpen\" id=\"accordion-item-3-panel\" role=\"region\" class=\"wp-block-accordion-panel is-layout-flow wp-block-accordion-panel-is-layout-flow\">\n<p><strong>CONTACTO:&nbsp;<\/strong>AIDEE PEREZ GAXIOLA<\/p>\n\n\n\n<p><strong>TELEFONO:&nbsp;<\/strong>3318936895<\/p>\n\n\n\n<p><strong>CORREO:&nbsp;<\/strong>coordinador.reclutamiento@bboxsecurity.com<\/p>\n\n\n\n<p><strong>DOMICILIO:&nbsp;<\/strong>REFORMA 877 INT 111&nbsp;<\/p>\n\n\n\n<p><strong>MUNICIPIO:&nbsp;<\/strong>GUADALAJARA<\/p>\n\n\n\n<figure class=\"wp-block-table\"><table class=\"has-fixed-layout\"><tbody><tr><td>PUESTOS<\/td><td>SEXO<\/td><td>SUELDO<\/td><td>ESCOLARIDAD<\/td><\/tr><tr><td>ELEMENTOS DE SEGURIDAD<\/td><td>INDISTINTO<\/td><td>$7300 MEN<\/td><td>SECUNDARIA<\/td><\/tr><\/tbody><\/table><\/figure>\n\n\n\n<p>ENLACE DEL AYUNTAMIENTO-\u00a0C. Mar\u00eda Liliana Garc\u00eda Garc\u00eda &#8211; promocion.economica@elsalto.gob.mx<\/p>\n<\/div>\n<\/div>\n\n\n\n<div data-wp-class--is-open=\"state.isOpen\" data-wp-context=\"{ &quot;id&quot;: &quot;accordion-item-4&quot;, &quot;openByDefault&quot;: false }\" data-wp-init=\"callbacks.initAccordionItems\" data-wp-on-window--hashchange=\"callbacks.hashChange\" class=\"wp-block-accordion-item is-layout-flow wp-block-accordion-item-is-layout-flow\">\n<h3 class=\"wp-block-accordion-heading\"><button aria-expanded=\"false\" aria-controls=\"accordion-item-4-panel\" data-wp-bind--aria-expanded=\"state.isOpen\" data-wp-on--click=\"actions.toggle\" data-wp-on--keydown=\"actions.handleKeyDown\" id=\"accordion-item-4\" type=\"button\" class=\"wp-block-accordion-heading__toggle\"><span class=\"wp-block-accordion-heading__toggle-title\"><strong>SISTEMAS TERMICOS DE POLIURETANO<\/strong><\/span><span class=\"wp-block-accordion-heading__toggle-icon\" aria-hidden=\"true\">+<\/span><\/button><\/h3>\n\n\n\n<div inert aria-labelledby=\"accordion-item-4\" data-wp-bind--inert=\"!state.isOpen\" id=\"accordion-item-4-panel\" role=\"region\" class=\"wp-block-accordion-panel is-layout-flow wp-block-accordion-panel-is-layout-flow\">\n<p><strong>CONTACTO:&nbsp;<\/strong>MARGARITA JIMENEZ ALVAREZ&nbsp;<\/p>\n\n\n\n<p><strong>TELEFONO:&nbsp;<\/strong>3321196531<\/p>\n\n\n\n<p><strong>CORREO:&nbsp;<\/strong>sistemastermicos213@hotmail.com<\/p>\n\n\n\n<p><strong>DOMICILIO:&nbsp;<\/strong>VICENTE GUERRERO LOTE 25<strong>&nbsp;<\/strong><\/p>\n\n\n\n<p><strong>COLONIA:&nbsp;<\/strong>LAS PINTITAS<\/p>\n\n\n\n<p><strong>MUNICIPIO:&nbsp;<\/strong>EL SALTO<\/p>\n\n\n\n<figure class=\"wp-block-table\"><table class=\"has-fixed-layout\"><tbody><tr><td>PUESTO<\/td><td>SEXO<\/td><td>SUELDO<\/td><td>ESCOLARIDAD<\/td><\/tr><tr><td>AYUDANTE GENERAL<\/td><td>MASCULINO<\/td><td>$7200 MEN<\/td><td>SECUNDARIA<\/td><\/tr><\/tbody><\/table><\/figure>\n\n\n\n<p>ENLACE DIRECTO DEL AYUNTAMIENTO.\u00a0C. Mar\u00eda Liliana Garc\u00eda Garc\u00eda &#8211; promocion.economica@elsalto.gob.mx<\/p>\n<\/div>\n<\/div>\n\n\n\n<div data-wp-class--is-open=\"state.isOpen\" data-wp-context=\"{ &quot;id&quot;: &quot;accordion-item-5&quot;, &quot;openByDefault&quot;: false }\" data-wp-init=\"callbacks.initAccordionItems\" data-wp-on-window--hashchange=\"callbacks.hashChange\" class=\"wp-block-accordion-item is-layout-flow wp-block-accordion-item-is-layout-flow\">\n<h3 class=\"wp-block-accordion-heading\"><button aria-expanded=\"false\" aria-controls=\"accordion-item-5-panel\" data-wp-bind--aria-expanded=\"state.isOpen\" data-wp-on--click=\"actions.toggle\" data-wp-on--keydown=\"actions.handleKeyDown\" id=\"accordion-item-5\" type=\"button\" class=\"wp-block-accordion-heading__toggle\"><span class=\"wp-block-accordion-heading__toggle-title\"><strong>TRANSPORTES LIPU S.A DE C.V<\/strong><\/span><span class=\"wp-block-accordion-heading__toggle-icon\" aria-hidden=\"true\">+<\/span><\/button><\/h3>\n\n\n\n<div inert aria-labelledby=\"accordion-item-5\" data-wp-bind--inert=\"!state.isOpen\" id=\"accordion-item-5-panel\" role=\"region\" class=\"wp-block-accordion-panel is-layout-flow wp-block-accordion-panel-is-layout-flow\">\n<p><strong>CONTACTO:<\/strong>&nbsp;SONIA MEDINA<\/p>\n\n\n\n<p><strong>TELEFONO:&nbsp;<\/strong>5569136319<\/p>\n\n\n\n<p><strong>CORREO:<\/strong>&nbsp;so.medina@lipu.com.mx<\/p>\n\n\n\n<p><strong>DOMICILIO:&nbsp;<\/strong>CALLE INDEPENDENCIA # 1690<\/p>\n\n\n\n<p><strong>COLONIA:&nbsp;<\/strong>LOMAS DEL 4<\/p>\n\n\n\n<p><strong>MUNICIPIO:&nbsp;<\/strong>TLAQUEPAQUE<\/p>\n\n\n\n<figure class=\"wp-block-table\"><table class=\"has-fixed-layout\"><tbody><tr><td class=\"has-text-align-center\" data-align=\"center\">PUESTO<\/td><td>SEXO<\/td><td>SUELDO<\/td><td>ESCOLARIDAD<\/td><\/tr><tr><td>OP. DE TRANSPORTE EMPRESARIAL<\/td><td>MASCULINO<\/td><td>$10600 MEN<\/td><td>SECUNDARIA<\/td><\/tr><\/tbody><\/table><\/figure>\n\n\n\n<p>ENLACE DIRECTO DEL AYUNTAMIENTO.\u00a0<strong>C. Mar\u00eda Liliana Garc\u00eda Garc\u00eda &#8211; promocion.economica@elsalto.gob.mx<\/strong><\/p>\n<\/div>\n<\/div>\n\n\n\n<div data-wp-class--is-open=\"state.isOpen\" data-wp-context=\"{ &quot;id&quot;: &quot;accordion-item-6&quot;, &quot;openByDefault&quot;: false }\" data-wp-init=\"callbacks.initAccordionItems\" data-wp-on-window--hashchange=\"callbacks.hashChange\" class=\"wp-block-accordion-item is-layout-flow wp-block-accordion-item-is-layout-flow\">\n<h3 class=\"wp-block-accordion-heading\"><button aria-expanded=\"false\" aria-controls=\"accordion-item-6-panel\" data-wp-bind--aria-expanded=\"state.isOpen\" data-wp-on--click=\"actions.toggle\" data-wp-on--keydown=\"actions.handleKeyDown\" id=\"accordion-item-6\" type=\"button\" class=\"wp-block-accordion-heading__toggle\"><span class=\"wp-block-accordion-heading__toggle-title\"><em><strong>DCH SERVICIOS ESPECIALIZADOS<\/strong><\/em><\/span><span class=\"wp-block-accordion-heading__toggle-icon\" aria-hidden=\"true\">+<\/span><\/button><\/h3>\n\n\n\n<div inert aria-labelledby=\"accordion-item-6\" data-wp-bind--inert=\"!state.isOpen\" id=\"accordion-item-6-panel\" role=\"region\" class=\"wp-block-accordion-panel is-layout-flow wp-block-accordion-panel-is-layout-flow\">\n<p><strong>CONTACTO 1:&nbsp;<\/strong>MARIA GUADALUPE VERDE DIAZ<\/p>\n\n\n\n<p><strong>TELEFONO:&nbsp;<\/strong>3323102680<\/p>\n\n\n\n<p><strong>CONTACTO 2<\/strong>: JENNIFER GUADALUPE GALAN HERNANDEZ<\/p>\n\n\n\n<p><strong>TELEFONO<\/strong>: 3316687239<\/p>\n\n\n\n<p><strong>DOMICILIO:<\/strong>&nbsp;GUADALAJARA-EL SALTO #1204<\/p>\n\n\n\n<p><strong>COLONIA:&nbsp;<\/strong>ERMITA<\/p>\n\n\n\n<p><strong>MUNICIPIO:&nbsp;<\/strong>EL SALTO<\/p>\n\n\n\n<figure class=\"wp-block-table\"><table class=\"has-fixed-layout\"><tbody><tr><td><strong>PUESTO&nbsp; &nbsp;<\/strong><\/td><td><strong>SEXO<\/strong><\/td><td><strong>SUELDO<\/strong><\/td><td><strong>ESCOLARIDAD<\/strong><\/td><\/tr><tr><td>OP. DE PRODUCCIO&nbsp; &nbsp;&nbsp;<\/td><td>INDISTINTO<\/td><td>$6092 MEN<\/td><td>PRIMARIA<\/td><\/tr><\/tbody><\/table><\/figure>\n\n\n\n<figure class=\"wp-block-table\"><table class=\"has-fixed-layout\"><tbody><tr><td>ALMACEN&nbsp; &nbsp; &nbsp; &nbsp; &nbsp; &nbsp; &nbsp; &nbsp; &nbsp; &nbsp; &nbsp; &nbsp; &nbsp; &nbsp; &nbsp; &nbsp; &nbsp;&nbsp;<\/td><td>INDISTINTO&nbsp; &nbsp; &nbsp; &nbsp;&nbsp;<\/td><td>$5152 MEN&nbsp; &nbsp; &nbsp; &nbsp;&nbsp;<\/td><td>SECUNDARIA&nbsp; &nbsp; &nbsp; &nbsp; &nbsp; &nbsp; &nbsp;<\/td><\/tr><tr><td>CAPTURISTA<\/td><td>INDISTINTO<\/td><td>$5152 MEN<\/td><td>SECUNDARIA<\/td><\/tr><tr><td>AYUDANTE GENERAL<\/td><td>MASCULINO<\/td><td>$6400 MEN<\/td><td>PRIMARIA<\/td><\/tr><\/tbody><\/table><\/figure>\n\n\n\n<p>ENLACE DIRECTO DEL AYUNTAMIENTO.\u00a0C. Mar\u00eda Liliana Garc\u00eda Garc\u00eda &#8211; promocion.economica@elsalto.gob.mx<\/p>\n<\/div>\n<\/div>\n\n\n\n<div data-wp-class--is-open=\"state.isOpen\" data-wp-context=\"{ &quot;id&quot;: &quot;accordion-item-7&quot;, &quot;openByDefault&quot;: false }\" data-wp-init=\"callbacks.initAccordionItems\" data-wp-on-window--hashchange=\"callbacks.hashChange\" class=\"wp-block-accordion-item is-layout-flow wp-block-accordion-item-is-layout-flow\">\n<h3 class=\"wp-block-accordion-heading\"><button aria-expanded=\"false\" aria-controls=\"accordion-item-7-panel\" data-wp-bind--aria-expanded=\"state.isOpen\" data-wp-on--click=\"actions.toggle\" data-wp-on--keydown=\"actions.handleKeyDown\" id=\"accordion-item-7\" type=\"button\" class=\"wp-block-accordion-heading__toggle\"><span class=\"wp-block-accordion-heading__toggle-title\"><em><strong>CARGILL<\/strong><\/em><\/span><span class=\"wp-block-accordion-heading__toggle-icon\" aria-hidden=\"true\">+<\/span><\/button><\/h3>\n\n\n\n<div inert aria-labelledby=\"accordion-item-7\" data-wp-bind--inert=\"!state.isOpen\" id=\"accordion-item-7-panel\" role=\"region\" class=\"wp-block-accordion-panel is-layout-flow wp-block-accordion-panel-is-layout-flow\">\n<p><strong>CONTACTO:<\/strong>&nbsp;LUIS EDUARDO ANDRADE TORRES<\/p>\n\n\n\n<p><strong>TELEFONO:<\/strong>&nbsp;3339682325<\/p>\n\n\n\n<p><strong>CORREO<\/strong>&nbsp;luis_eduardo_andrade@cargill.com<\/p>\n\n\n\n<p><strong>DOMICILIO:&nbsp;<\/strong>CALLE 4 # 10561<\/p>\n\n\n\n<p><strong>COLONIA:&nbsp;<\/strong>PARQUE INDUSTRIAL&nbsp;<\/p>\n\n\n\n<p><strong>MUNICIPIO:<\/strong>&nbsp;EL SALTO<\/p>\n\n\n\n<figure class=\"wp-block-table\"><table class=\"has-fixed-layout\"><tbody><tr><td>PUESTO<\/td><td>SEXO<\/td><td>SUELDO<\/td><td>ESCOLARIDAD<\/td><\/tr><tr><td>ALMACENISTA<\/td><td>INDISTINTO<\/td><td>$ 8500 MEN<\/td><td>SECUNDARIA<\/td><\/tr><tr><td>AUX DE ALMACEN<\/td><td>INDISTINTO<\/td><td>$ 6500 MEN<\/td><td>SECUNDARIA<\/td><\/tr><tr><td>AUX DE PRODUCCION<\/td><td>INDISTINTO<\/td><td>$ 6500 MEN<\/td><td>SECUNDARIA<\/td><\/tr><\/tbody><\/table><\/figure>\n\n\n\n<p>ENLACE DIRECTO DEL AYUNTAMIENTO.\u00a0<strong>C. Mar\u00eda Liliana Garc\u00eda Garc\u00eda &#8211; promocion.economica@elsalto.gob.mx<\/strong><\/p>\n<\/div>\n<\/div>\n\n\n\n<div data-wp-class--is-open=\"state.isOpen\" data-wp-context=\"{ &quot;id&quot;: &quot;accordion-item-8&quot;, &quot;openByDefault&quot;: false }\" data-wp-init=\"callbacks.initAccordionItems\" data-wp-on-window--hashchange=\"callbacks.hashChange\" class=\"wp-block-accordion-item is-layout-flow wp-block-accordion-item-is-layout-flow\">\n<h3 class=\"wp-block-accordion-heading\"><button aria-expanded=\"false\" aria-controls=\"accordion-item-8-panel\" data-wp-bind--aria-expanded=\"state.isOpen\" data-wp-on--click=\"actions.toggle\" data-wp-on--keydown=\"actions.handleKeyDown\" id=\"accordion-item-8\" type=\"button\" class=\"wp-block-accordion-heading__toggle\"><span class=\"wp-block-accordion-heading__toggle-title\"><strong><em>WIESE<\/em><\/strong><\/span><span class=\"wp-block-accordion-heading__toggle-icon\" aria-hidden=\"true\">+<\/span><\/button><\/h3>\n\n\n\n<div inert aria-labelledby=\"accordion-item-8\" data-wp-bind--inert=\"!state.isOpen\" id=\"accordion-item-8-panel\" role=\"region\" class=\"wp-block-accordion-panel is-layout-flow wp-block-accordion-panel-is-layout-flow\">\n<p><strong>CONTACTO:&nbsp;<\/strong>ESMERALDA MALDONADO HERNANDEZ<\/p>\n\n\n\n<p><strong>TELEFONO:&nbsp;<\/strong>3338880850 EXT 105<\/p>\n\n\n\n<p><strong>CORREO:&nbsp;<\/strong>esmeralda.maldonado@wiese.com.mx<\/p>\n\n\n\n<p><strong>DOMICILIO:&nbsp;<\/strong>CALLE 2 # 10540<\/p>\n\n\n\n<p><strong>COLONIA:<\/strong>&nbsp;PARQUE INDUSTRIAL&nbsp;<\/p>\n\n\n\n<p><strong>MUNICIPIO:<\/strong>&nbsp;EL SALTO&nbsp;<\/p>\n\n\n\n<figure class=\"wp-block-table\"><table class=\"has-fixed-layout\"><tbody><tr><td><strong>PUESTO<\/strong><\/td><td><strong>SEXO<\/strong><\/td><td><strong>SUELDO<\/strong><\/td><td><strong>ESCOLARIDAD<\/strong><\/td><\/tr><tr><td>DISE\u00d1ADOR<\/td><td>HOMBRE&nbsp;<\/td><td>$15000 MEN<\/td><td>LICENCIATURA<\/td><\/tr><tr><td>PARAMEDICO<\/td><td>MUJER<\/td><td>$ 12000 MEN<\/td><td>LICENCIATURA<\/td><\/tr><tr><td>VIGILANTE&nbsp;<\/td><td>INDISTINTO<\/td><td>$ 9000 MEN<\/td><td>SECUNDARIA<\/td><\/tr><tr><td>PRODUCCION<\/td><td>MUJER<\/td><td>$ 1400 SEM + BONO<\/td><td>SECUNDARIA<\/td><\/tr><tr><td>INTENDENCIA<\/td><td>MUJER<\/td><td>&nbsp;<\/td><td>SECUNDARIA<\/td><\/tr><\/tbody><\/table><\/figure>\n\n\n\n<p>ENLACE DIRECTO DEL AYUNTAMIENTO. C. Mar\u00eda Liliana Garc\u00eda Garc\u00eda &#8211; promocion.economica@elsalto.gob.mx<\/p>\n<\/div>\n<\/div>\n\n\n\n<div data-wp-class--is-open=\"state.isOpen\" data-wp-context=\"{ &quot;id&quot;: &quot;accordion-item-9&quot;, &quot;openByDefault&quot;: false }\" data-wp-init=\"callbacks.initAccordionItems\" data-wp-on-window--hashchange=\"callbacks.hashChange\" class=\"wp-block-accordion-item is-layout-flow wp-block-accordion-item-is-layout-flow\">\n<h3 class=\"wp-block-accordion-heading\"><button aria-expanded=\"false\" aria-controls=\"accordion-item-9-panel\" data-wp-bind--aria-expanded=\"state.isOpen\" data-wp-on--click=\"actions.toggle\" data-wp-on--keydown=\"actions.handleKeyDown\" id=\"accordion-item-9\" type=\"button\" class=\"wp-block-accordion-heading__toggle\"><span class=\"wp-block-accordion-heading__toggle-title\"><em><strong>SANMINA SCI DE MEXICO SA DE CV<\/strong><\/em><\/span><span class=\"wp-block-accordion-heading__toggle-icon\" aria-hidden=\"true\">+<\/span><\/button><\/h3>\n\n\n\n<div inert aria-labelledby=\"accordion-item-9\" data-wp-bind--inert=\"!state.isOpen\" id=\"accordion-item-9-panel\" role=\"region\" class=\"wp-block-accordion-panel is-layout-flow wp-block-accordion-panel-is-layout-flow\">\n<p><strong>CONTACTO:&nbsp;<\/strong>LUZ MARIA PLANCARTE LUNA<\/p>\n\n\n\n<p><strong>TELEFONO:&nbsp;<\/strong>3322584990-3314649983<\/p>\n\n\n\n<p><strong>CORREO:&nbsp;<\/strong>maria.plancarte-contratador@sanmina.com<\/p>\n\n\n\n<p><strong>DIRECCION<\/strong><strong>:&nbsp;<\/strong>CARRETERA GUADALAJARA- CHAPALA KM #45<\/p>\n\n\n\n<p><strong>COLONIA:&nbsp;<\/strong>EL ZAPOTE<\/p>\n\n\n\n<p><strong>MUNICIPIO:&nbsp;<\/strong>TLAJOMULCO&nbsp;<\/p>\n\n\n\n<figure class=\"wp-block-table\"><table class=\"has-fixed-layout\"><tbody><tr><td>PUESTO<\/td><td>SEXO<\/td><td>SUELDO&nbsp;<\/td><td>ESCOLADRIDA<\/td><\/tr><tr><td>OP. PRODUCCION<\/td><td>INDISTINTO<\/td><td>$5754 MEN<\/td><td>PRIMARIA<\/td><\/tr><tr><td>AUDITOR<\/td><td>INDISTINTO<\/td><td>$7683 MEN<\/td><td>PREPARATORIA<\/td><\/tr><tr><td>ALMACENISTA<\/td><td>INDISTINTO<\/td><td>$7683 MEN<\/td><td>PREPARATORIA<\/td><\/tr><tr><td>MATERIALISTA<\/td><td>INDISTINTO<\/td><td>$6867 MEN<\/td><td>PREPARATORIA<\/td><\/tr><tr><td>REPARADOR<\/td><td>INDISTINTO&nbsp;<\/td><td>$7683 MEN<\/td><td>PREPARATORIA<\/td><\/tr><tr><td>OP. TECNICO<\/td><td>INDISTINTO<\/td><td>$7683 MEN<\/td><td>PREPARATORIA<\/td><\/tr><tr><td>OP SMT<\/td><td>INDISTINTO&nbsp;<\/td><td>$6867 MEN<\/td><td>PREPARATORIA<\/td><\/tr><\/tbody><\/table><\/figure>\n\n\n\n<p>ENLACE DEL AYUNTAMIENTO.\u00a0C. Mar\u00eda Liliana Garc\u00eda Garc\u00eda &#8211; promocion.economica@elsalto.gob.mx<\/p>\n<\/div>\n<\/div>\n<\/div>\n","protected":false},"excerpt":{"rendered":"<p>FOMENTO AL EMPLEO Y EMPRENDURISMO El portal del empleo de El Salto es un espacio donde se publican las vacantes de diferentes empresas.El Ayuntamiento de El Salto es el enlace entre empresas y sociedad. Contacto JEFATURA DE FOMENTO AL EMPLEO Y EMPRENDURISMOJEFA: C. Mar\u00eda Liliana Garc\u00eda Garc\u00edaCORREO ELECTRONICO: promocion.economica@elsalto.gob.mxDOMICILIO: NARCISO MENDOZA # 18&nbsp;(CASA DE LA [&hellip;]<\/p>\n","protected":false},"author":1,"featured_media":0,"parent":0,"menu_order":0,"comment_status":"closed","ping_status":"closed","template":"","meta":{"footnotes":""},"class_list":["post-121","page","type-page","status-publish","hentry"],"_links":{"self":[{"href":"https:\/\/elsalto.gob.mx\/index.php\/wp-json\/wp\/v2\/pages\/121","targetHints":{"allow":["GET"]}}],"collection":[{"href":"https:\/\/elsalto.gob.mx\/index.php\/wp-json\/wp\/v2\/pages"}],"about":[{"href":"https:\/\/elsalto.gob.mx\/index.php\/wp-json\/wp\/v2\/types\/page"}],"author":[{"embeddable":true,"href":"https:\/\/elsalto.gob.mx\/index.php\/wp-json\/wp\/v2\/users\/1"}],"replies":[{"embeddable":true,"href":"https:\/\/elsalto.gob.mx\/index.php\/wp-json\/wp\/v2\/comments?post=121"}],"version-history":[{"count":12,"href":"https:\/\/elsalto.gob.mx\/index.php\/wp-json\/wp\/v2\/pages\/121\/revisions"}],"predecessor-version":[{"id":274,"href":"https:\/\/elsalto.gob.mx\/index.php\/wp-json\/wp\/v2\/pages\/121\/revisions\/274"}],"wp:attachment":[{"href":"https:\/\/elsalto.gob.mx\/index.php\/wp-json\/wp\/v2\/media?parent=121"}],"curies":[{"name":"wp","href":"https:\/\/api.w.org\/{rel}","templated":true}]}}