{"id":111,"date":"2026-01-12T21:03:19","date_gmt":"2026-01-12T21:03:19","guid":{"rendered":"https:\/\/elsalto.gob.mx\/?page_id=111"},"modified":"2026-01-12T21:14:39","modified_gmt":"2026-01-12T21:14:39","slug":"archivo","status":"publish","type":"page","link":"https:\/\/elsalto.gob.mx\/index.php\/archivo\/","title":{"rendered":"archivo"},"content":{"rendered":"\n<div class=\"wp-block-cover alignfull is-light\"><img loading=\"lazy\" decoding=\"async\" width=\"1024\" height=\"231\" class=\"wp-block-cover__image-background wp-image-65 size-large\" alt=\"\" src=\"http:\/\/elsalto.gob.mx\/wp-content\/uploads\/2026\/01\/privacidad-1024x231.jpg\" data-object-fit=\"cover\" srcset=\"https:\/\/elsalto.gob.mx\/wp-content\/uploads\/2026\/01\/privacidad-1024x231.jpg 1024w, https:\/\/elsalto.gob.mx\/wp-content\/uploads\/2026\/01\/privacidad-300x68.jpg 300w, https:\/\/elsalto.gob.mx\/wp-content\/uploads\/2026\/01\/privacidad-768x173.jpg 768w, https:\/\/elsalto.gob.mx\/wp-content\/uploads\/2026\/01\/privacidad-1536x347.jpg 1536w, https:\/\/elsalto.gob.mx\/wp-content\/uploads\/2026\/01\/privacidad.jpg 1550w\" sizes=\"auto, (max-width: 1024px) 100vw, 1024px\" \/><span aria-hidden=\"true\" class=\"wp-block-cover__background has-background-dim\" style=\"background-color:#acacac\"><\/span><div class=\"wp-block-cover__inner-container is-layout-constrained wp-block-cover-is-layout-constrained\">\n<p class=\"has-text-align-center has-large-font-size\">Archivo<\/p>\n<\/div><\/div>\n\n\n\n<div style=\"height:100px\" aria-hidden=\"true\" class=\"wp-block-spacer\"><\/div>\n\n\n\n<h2 class=\"wp-block-heading has-text-align-center\">\u00bfQui\u00e9nes somos?<\/h2>\n\n\n\n<p class=\"has-text-align-left has-tiny-font-size\">El Archivo Municipal de El Salto, Jalisco es el \u00e1rea responsable del resguardo, organizaci\u00f3n, clasificaci\u00f3n, sistematizaci\u00f3n y control de los documentos y\/o expedientes transferidos por todas las dependencias del municipio, los cuales contin\u00faan vigentes pero su uso y consulta son espor\u00e1dicos. Esta \u00e1rea los conserva seg\u00fan sea su importancia, tal como lo se\u00f1ala la Ley General De Archivo para posteriormente darle el tr\u00e1mite correspondiente que puede ser su destrucci\u00f3n o bien el acervo hist\u00f3rico.<\/p>\n\n\n\n<div style=\"height:100px\" aria-hidden=\"true\" class=\"wp-block-spacer\"><\/div>\n\n\n\n<hr class=\"wp-block-separator alignwide has-alpha-channel-opacity is-style-wide\" style=\"margin-top:var(--wp--preset--spacing--20);margin-bottom:var(--wp--preset--spacing--20)\"\/>\n\n\n\n<h2 class=\"wp-block-heading has-text-align-center\">Acervo Hist\u00f3rico<\/h2>\n\n\n\n<p class=\"has-tiny-font-size\">El Archivo Hist\u00f3rico se forma con la documentaci\u00f3n transferida del Archivo de Concentraci\u00f3n cuya vida administrativa ha concluido y que por el valor de la informaci\u00f3n que contiene es seleccionada para salvaguardar la memoria hist\u00f3rica del Municipio. Dentro del Archivo Municipal de El Salto, Jalisco se cuenta con un Acervo Hist\u00f3rico que data desde 1944, el cual se encontraba en bodegas dentro del mismo municipio y fue hasta el a\u00f1o 2004-2006 cuando la presidenta Bertha Alicia Moreno \u00c1lvarez creo un espacio exclusivo para conservar, salvaguardar y clasificar los documentos de acuerdo a la importancia de cada uno. En este acervo podemos encontrar desde cuenta p\u00fablica y gacetas municipales, as\u00ed como tambi\u00e9n documentaci\u00f3n de distintos temas. Estos documentos fueron clasificados como hist\u00f3ricos ya que son datos importantes para conservar la historia del municipio.<\/p>\n\n\n\n<div style=\"height:100px\" aria-hidden=\"true\" class=\"wp-block-spacer\"><\/div>\n\n\n\n<hr class=\"wp-block-separator alignwide has-alpha-channel-opacity is-style-wide\" style=\"margin-top:var(--wp--preset--spacing--20);margin-bottom:var(--wp--preset--spacing--20)\"\/>\n\n\n\n<h2 class=\"wp-block-heading has-text-align-center\">Archivo de Depuraci\u00f3n<\/h2>\n\n\n\n<p class=\"has-tiny-font-size\">El Archivo de Concentraci\u00f3n es el \u00e1rea responsable de la recepci\u00f3n formal y oficial de los expedientes y\/o documentos transferidos por todas las dependencias municipales al Archivo para su resguardo, organizaci\u00f3n, clasificaci\u00f3n, sistematizaci\u00f3n y control, dichos documentos contin\u00faan vigentes pero su uso y consulta son espor\u00e1dicos, es decir, estos documentos permanecer\u00e1n en esta \u00e1rea hasta su destino final, que puede ser su destrucci\u00f3n o bien el Acervo Hist\u00f3rico luego de una valoraci\u00f3n de su contenido. Dentro del Archivo Municipal de El Salto, Jalisco contamos con dos salas de concentraci\u00f3n en las cuales hay un total de 1866 cajas de documentaci\u00f3n organizadas de forma tem\u00e1tica en 33 archiveros.<\/p>\n\n\n\n<div style=\"height:100px\" aria-hidden=\"true\" class=\"wp-block-spacer\"><\/div>\n\n\n\n<hr class=\"wp-block-separator alignwide has-alpha-channel-opacity is-style-wide\" style=\"margin-top:var(--wp--preset--spacing--20);margin-bottom:var(--wp--preset--spacing--20)\"\/>\n\n\n\n<h2 class=\"wp-block-heading has-text-align-center\">Archivo de Concentraci\u00f3n<\/h2>\n\n\n\n<p class=\"has-tiny-font-size\">Es la etapa final en la vida de un documento y\/o expediente se entiende por depuraci\u00f3n al proceso que consiste en sustraer del Archivo de Concentraci\u00f3n los expedientes cuyo t\u00e9rmino de conservaci\u00f3n ha prescrito, a fin de darlos de baja definitivamente, con la intensi\u00f3n de no saturar el archivo hist\u00f3rico con documentos que carezcan de valores secundarios, esto como resultado de un profundo an\u00e1lisis aplicado a los mismos.<\/p>\n\n\n\n<div style=\"height:100px\" aria-hidden=\"true\" class=\"wp-block-spacer\"><\/div>\n","protected":false},"excerpt":{"rendered":"<p>\u00bfQui\u00e9nes somos? El Archivo Municipal de El Salto, Jalisco es el \u00e1rea responsable del resguardo, organizaci\u00f3n, clasificaci\u00f3n, sistematizaci\u00f3n y control de los documentos y\/o expedientes transferidos por todas las dependencias del municipio, los cuales contin\u00faan vigentes pero su uso y consulta son espor\u00e1dicos. Esta \u00e1rea los conserva seg\u00fan sea su importancia, tal como lo se\u00f1ala [&hellip;]<\/p>\n","protected":false},"author":1,"featured_media":0,"parent":0,"menu_order":0,"comment_status":"closed","ping_status":"closed","template":"","meta":{"footnotes":""},"class_list":["post-111","page","type-page","status-publish","hentry"],"_links":{"self":[{"href":"https:\/\/elsalto.gob.mx\/index.php\/wp-json\/wp\/v2\/pages\/111","targetHints":{"allow":["GET"]}}],"collection":[{"href":"https:\/\/elsalto.gob.mx\/index.php\/wp-json\/wp\/v2\/pages"}],"about":[{"href":"https:\/\/elsalto.gob.mx\/index.php\/wp-json\/wp\/v2\/types\/page"}],"author":[{"embeddable":true,"href":"https:\/\/elsalto.gob.mx\/index.php\/wp-json\/wp\/v2\/users\/1"}],"replies":[{"embeddable":true,"href":"https:\/\/elsalto.gob.mx\/index.php\/wp-json\/wp\/v2\/comments?post=111"}],"version-history":[{"count":8,"href":"https:\/\/elsalto.gob.mx\/index.php\/wp-json\/wp\/v2\/pages\/111\/revisions"}],"predecessor-version":[{"id":120,"href":"https:\/\/elsalto.gob.mx\/index.php\/wp-json\/wp\/v2\/pages\/111\/revisions\/120"}],"wp:attachment":[{"href":"https:\/\/elsalto.gob.mx\/index.php\/wp-json\/wp\/v2\/media?parent=111"}],"curies":[{"name":"wp","href":"https:\/\/api.w.org\/{rel}","templated":true}]}}